{"id":297,"date":"2020-08-20T18:54:22","date_gmt":"2020-08-20T16:54:22","guid":{"rendered":"http:\/\/smab-industrie.com\/?page_id=297"},"modified":"2023-04-15T17:59:25","modified_gmt":"2023-04-15T15:59:25","slug":"contact","status":"publish","type":"page","link":"https:\/\/smab-industrie.com\/index.php\/contact\/","title":{"rendered":"Contact"},"content":{"rendered":"\t\t<div data-elementor-type=\"wp-page\" data-elementor-id=\"297\" class=\"elementor elementor-297\">\n\t\t\t\t<div class=\"elementor-element elementor-element-ce90121 e-flex e-con-boxed e-con e-parent\" data-id=\"ce90121\" data-element_type=\"container\" data-e-type=\"container\">\n\t\t\t\t\t<div class=\"e-con-inner\">\n\t\t<div class=\"elementor-element elementor-element-38721f5 e-con-full e-flex e-con e-child\" data-id=\"38721f5\" data-element_type=\"container\" data-e-type=\"container\">\n\t\t\t\t<div class=\"elementor-element elementor-element-591971e elementor-widget elementor-widget-text-editor\" data-id=\"591971e\" data-element_type=\"widget\" data-e-type=\"widget\" data-widget_type=\"text-editor.default\">\n\t\t\t\t<div class=\"elementor-widget-container\">\n\t\t\t\t\t\t\t\t\t\n<div class=\"wpcf7 no-js\" id=\"wpcf7-f546-o1\" lang=\"fr-FR\" dir=\"ltr\" data-wpcf7-id=\"546\">\n<div class=\"screen-reader-response\"><p role=\"status\" aria-live=\"polite\" aria-atomic=\"true\"><\/p> <ul><\/ul><\/div>\n<form action=\"\/index.php\/wp-json\/wp\/v2\/pages\/297#wpcf7-f546-o1\" method=\"post\" class=\"wpcf7-form init\" aria-label=\"Formulaire de contact\" novalidate=\"novalidate\" data-status=\"init\">\n<fieldset class=\"hidden-fields-container\"><input type=\"hidden\" name=\"_wpcf7\" value=\"546\" \/><input type=\"hidden\" name=\"_wpcf7_version\" value=\"6.1.5\" \/><input type=\"hidden\" name=\"_wpcf7_locale\" value=\"fr_FR\" \/><input type=\"hidden\" name=\"_wpcf7_unit_tag\" value=\"wpcf7-f546-o1\" \/><input type=\"hidden\" name=\"_wpcf7_container_post\" value=\"0\" \/><input type=\"hidden\" name=\"_wpcf7_posted_data_hash\" value=\"\" \/><input type=\"hidden\" name=\"_wpcf7_recaptcha_response\" value=\"\" \/>\n<\/fieldset>\n<p><label> Votre nom<br \/>\n<span class=\"wpcf7-form-control-wrap\" data-name=\"your-name\"><input size=\"40\" maxlength=\"400\" class=\"wpcf7-form-control wpcf7-text wpcf7-validates-as-required\" aria-required=\"true\" aria-invalid=\"false\" value=\"\" type=\"text\" name=\"your-name\" \/><\/span> <\/label>\n<\/p>\n<p><label> Votre Email<br \/>\n<span class=\"wpcf7-form-control-wrap\" data-name=\"your-email\"><input size=\"40\" maxlength=\"400\" class=\"wpcf7-form-control wpcf7-email wpcf7-validates-as-required wpcf7-text wpcf7-validates-as-email\" aria-required=\"true\" aria-invalid=\"false\" value=\"\" type=\"email\" name=\"your-email\" \/><\/span> <\/label>\n<\/p>\n<p><label> Votre t\u00e9l\u00e9phone<br \/>\n<span class=\"wpcf7-form-control-wrap\" data-name=\"tel-124\"><input size=\"40\" maxlength=\"400\" class=\"wpcf7-form-control wpcf7-tel wpcf7-text wpcf7-validates-as-tel\" aria-invalid=\"false\" value=\"\" type=\"tel\" name=\"tel-124\" \/><\/span> <\/label>\n<\/p>\n<p><label> Objet<br \/>\n<span class=\"wpcf7-form-control-wrap\" data-name=\"your-subject\"><input size=\"40\" maxlength=\"400\" class=\"wpcf7-form-control wpcf7-text wpcf7-validates-as-required\" aria-required=\"true\" aria-invalid=\"false\" value=\"\" type=\"text\" name=\"your-subject\" \/><\/span> <\/label>\n<\/p>\n<p><label> Votre message<br \/>\n<span class=\"wpcf7-form-control-wrap\" data-name=\"your-message\"><textarea cols=\"40\" rows=\"10\" maxlength=\"2000\" class=\"wpcf7-form-control wpcf7-textarea\" aria-invalid=\"false\" name=\"your-message\"><\/textarea><\/span> <\/label>\n<\/p>\n<p><input class=\"wpcf7-form-control wpcf7-submit has-spinner\" type=\"submit\" value=\"Envoyer\" \/>\n<\/p><div class=\"wpcf7-response-output\" aria-hidden=\"true\"><\/div>\n<\/form>\n<\/div>\n\t\t\t\t\t\t\t\t<\/div>\n\t\t\t\t<\/div>\n\t\t\t\t<\/div>\n\t\t<div class=\"elementor-element elementor-element-9c453ed e-con-full e-flex e-con e-child\" data-id=\"9c453ed\" data-element_type=\"container\" data-e-type=\"container\">\n\t\t<div class=\"elementor-element elementor-element-445a7bc e-flex e-con-boxed e-con e-child\" data-id=\"445a7bc\" data-element_type=\"container\" data-e-type=\"container\">\n\t\t\t\t\t<div class=\"e-con-inner\">\n\t\t\t\t<div class=\"elementor-element elementor-element-9eabd0a elementor-widget elementor-widget-text-editor\" data-id=\"9eabd0a\" data-element_type=\"widget\" data-e-type=\"widget\" data-widget_type=\"text-editor.default\">\n\t\t\t\t<div class=\"elementor-widget-container\">\n\t\t\t\t\t\t\t\t\t<div class=\"flex justify-between lg:block\">\u00a0<\/div>\n<div class=\"flex flex-grow flex-col gap-3\">\n<div class=\"min-h-[20px] flex flex-col items-start gap-4 whitespace-pre-wrap\">\n<div class=\"markdown prose w-full break-words dark:prose-invert light\">\n<p>Bienvenue sur notre page de contact d\u00e9di\u00e9e \u00e0 la ferronnerie et \u00e0 la m\u00e9tallerie \u00e0 B\u00e9ziers ! Nous sommes une entreprise locale passionn\u00e9e par la cr\u00e9ation de produits sur mesure en fer, acier et aluminium. Contactez-nous pour discuter de votre projet et d\u00e9couvrir comment nous pouvons donner vie \u00e0 vos id\u00e9es les plus cr\u00e9atives !<\/p>\n<\/div>\n<\/div>\n<\/div>\t\t\t\t\t\t\t\t<\/div>\n\t\t\t\t<\/div>\n\t\t\t\t\t<\/div>\n\t\t\t\t<\/div>\n\t\t<div class=\"elementor-element elementor-element-ceb5e42 e-flex e-con-boxed e-con e-child\" data-id=\"ceb5e42\" data-element_type=\"container\" data-e-type=\"container\">\n\t\t\t\t\t<div class=\"e-con-inner\">\n\t\t\t\t<div class=\"elementor-element elementor-element-a4b8c92 elementor-widget elementor-widget-image\" data-id=\"a4b8c92\" data-element_type=\"widget\" data-e-type=\"widget\" data-widget_type=\"image.default\">\n\t\t\t\t<div class=\"elementor-widget-container\">\n\t\t\t\t\t\t\t\t\t\t\t\t\t\t\t<img fetchpriority=\"high\" decoding=\"async\" width=\"819\" height=\"1024\" src=\"https:\/\/smab-industrie.com\/wp-content\/uploads\/2023\/04\/IMG_20210523_195253_836-819x1024.jpg\" class=\"attachment-large size-large wp-image-637\" alt=\"\" srcset=\"https:\/\/smab-industrie.com\/wp-content\/uploads\/2023\/04\/IMG_20210523_195253_836-819x1024.jpg 819w, https:\/\/smab-industrie.com\/wp-content\/uploads\/2023\/04\/IMG_20210523_195253_836-240x300.jpg 240w, https:\/\/smab-industrie.com\/wp-content\/uploads\/2023\/04\/IMG_20210523_195253_836-768x960.jpg 768w, https:\/\/smab-industrie.com\/wp-content\/uploads\/2023\/04\/IMG_20210523_195253_836-1229x1536.jpg 1229w, https:\/\/smab-industrie.com\/wp-content\/uploads\/2023\/04\/IMG_20210523_195253_836.jpg 1440w\" sizes=\"(max-width: 819px) 100vw, 819px\" \/>\t\t\t\t\t\t\t\t\t\t\t\t\t\t\t<\/div>\n\t\t\t\t<\/div>\n\t\t\t\t\t<\/div>\n\t\t\t\t<\/div>\n\t\t\t\t<\/div>\n\t\t\t\t\t<\/div>\n\t\t\t\t<\/div>\n\t\t\t\t<\/div>\n\t\t","protected":false},"excerpt":{"rendered":"<p>\u00a0 Bienvenue sur notre page de contact d\u00e9di\u00e9e \u00e0 la ferronnerie et \u00e0 la m\u00e9tallerie \u00e0 B\u00e9ziers ! Nous sommes une entreprise locale passionn\u00e9e par la cr\u00e9ation de produits sur mesure en fer, acier et aluminium. Contactez-nous pour discuter de votre projet et d\u00e9couvrir comment nous pouvons donner vie \u00e0 vos id\u00e9es les plus cr\u00e9atives [&hellip;]<\/p>\n","protected":false},"author":1,"featured_media":0,"parent":0,"menu_order":0,"comment_status":"closed","ping_status":"closed","template":"","meta":{"footnotes":""},"class_list":["post-297","page","type-page","status-publish","hentry","wpbf-post"],"yoast_head":"<!-- This site is optimized with the Yoast SEO plugin v27.4 - https:\/\/yoast.com\/product\/yoast-seo-wordpress\/ -->\n<title>SMAB - SOUDURE METALLERIE ALEXIS BRAUN<\/title>\n<meta name=\"description\" content=\"Artisan Ferronier M\u00e9tallier \u00e0 Beziers dans L&#039;h\u00e9rault, Portail, verriere, escalier fer, Garde corps Acier, Service m\u00e9tallerie chaudronnerie.\" \/>\n<meta name=\"robots\" content=\"index, follow, max-snippet:-1, max-image-preview:large, max-video-preview:-1\" \/>\n<link rel=\"canonical\" href=\"https:\/\/smab-industrie.com\/index.php\/contact\/\" \/>\n<meta property=\"og:locale\" content=\"fr_FR\" \/>\n<meta property=\"og:type\" content=\"article\" \/>\n<meta property=\"og:title\" content=\"SMAB - SOUDURE METALLERIE ALEXIS BRAUN\" \/>\n<meta property=\"og:description\" content=\"Artisan Ferronier M\u00e9tallier \u00e0 Beziers dans L&#039;h\u00e9rault, Portail, verriere, escalier fer, Garde corps Acier, Service m\u00e9tallerie chaudronnerie.\" \/>\n<meta property=\"og:url\" content=\"https:\/\/smab-industrie.com\/index.php\/contact\/\" \/>\n<meta property=\"og:site_name\" content=\"SMAB\" \/>\n<meta property=\"article:modified_time\" content=\"2023-04-15T15:59:25+00:00\" \/>\n<meta property=\"og:image\" content=\"https:\/\/smab-industrie.com\/wp-content\/uploads\/2023\/04\/IMG_20210523_195253_836-819x1024.jpg\" \/>\n<meta name=\"twitter:card\" content=\"summary_large_image\" \/>\n<meta name=\"twitter:label1\" content=\"Dur\u00e9e de lecture estim\u00e9e\" \/>\n\t<meta name=\"twitter:data1\" content=\"1 minute\" \/>\n<script type=\"application\/ld+json\" class=\"yoast-schema-graph\">{\"@context\":\"https:\\\/\\\/schema.org\",\"@graph\":[{\"@type\":\"WebPage\",\"@id\":\"https:\\\/\\\/smab-industrie.com\\\/index.php\\\/contact\\\/\",\"url\":\"https:\\\/\\\/smab-industrie.com\\\/index.php\\\/contact\\\/\",\"name\":\"SMAB - SOUDURE METALLERIE ALEXIS BRAUN\",\"isPartOf\":{\"@id\":\"https:\\\/\\\/smab-industrie.com\\\/#website\"},\"primaryImageOfPage\":{\"@id\":\"https:\\\/\\\/smab-industrie.com\\\/index.php\\\/contact\\\/#primaryimage\"},\"image\":{\"@id\":\"https:\\\/\\\/smab-industrie.com\\\/index.php\\\/contact\\\/#primaryimage\"},\"thumbnailUrl\":\"https:\\\/\\\/smab-industrie.com\\\/wp-content\\\/uploads\\\/2023\\\/04\\\/IMG_20210523_195253_836-819x1024.jpg\",\"datePublished\":\"2020-08-20T16:54:22+00:00\",\"dateModified\":\"2023-04-15T15:59:25+00:00\",\"description\":\"Artisan Ferronier M\u00e9tallier \u00e0 Beziers dans L'h\u00e9rault, Portail, verriere, escalier fer, Garde corps Acier, Service m\u00e9tallerie chaudronnerie.\",\"breadcrumb\":{\"@id\":\"https:\\\/\\\/smab-industrie.com\\\/index.php\\\/contact\\\/#breadcrumb\"},\"inLanguage\":\"fr-FR\",\"potentialAction\":[{\"@type\":\"ReadAction\",\"target\":[\"https:\\\/\\\/smab-industrie.com\\\/index.php\\\/contact\\\/\"]}]},{\"@type\":\"ImageObject\",\"inLanguage\":\"fr-FR\",\"@id\":\"https:\\\/\\\/smab-industrie.com\\\/index.php\\\/contact\\\/#primaryimage\",\"url\":\"https:\\\/\\\/smab-industrie.com\\\/wp-content\\\/uploads\\\/2023\\\/04\\\/IMG_20210523_195253_836.jpg\",\"contentUrl\":\"https:\\\/\\\/smab-industrie.com\\\/wp-content\\\/uploads\\\/2023\\\/04\\\/IMG_20210523_195253_836.jpg\",\"width\":1440,\"height\":1800},{\"@type\":\"BreadcrumbList\",\"@id\":\"https:\\\/\\\/smab-industrie.com\\\/index.php\\\/contact\\\/#breadcrumb\",\"itemListElement\":[{\"@type\":\"ListItem\",\"position\":1,\"name\":\"Accueil\",\"item\":\"https:\\\/\\\/smab-industrie.com\\\/\"},{\"@type\":\"ListItem\",\"position\":2,\"name\":\"Contact\"}]},{\"@type\":\"WebSite\",\"@id\":\"https:\\\/\\\/smab-industrie.com\\\/#website\",\"url\":\"https:\\\/\\\/smab-industrie.com\\\/\",\"name\":\"SMAB\",\"description\":\"\",\"publisher\":{\"@id\":\"https:\\\/\\\/smab-industrie.com\\\/#organization\"},\"potentialAction\":[{\"@type\":\"SearchAction\",\"target\":{\"@type\":\"EntryPoint\",\"urlTemplate\":\"https:\\\/\\\/smab-industrie.com\\\/?s={search_term_string}\"},\"query-input\":{\"@type\":\"PropertyValueSpecification\",\"valueRequired\":true,\"valueName\":\"search_term_string\"}}],\"inLanguage\":\"fr-FR\"},{\"@type\":\"Organization\",\"@id\":\"https:\\\/\\\/smab-industrie.com\\\/#organization\",\"name\":\"Soudure metalerie alexis Braun\",\"url\":\"https:\\\/\\\/smab-industrie.com\\\/\",\"logo\":{\"@type\":\"ImageObject\",\"inLanguage\":\"fr-FR\",\"@id\":\"https:\\\/\\\/smab-industrie.com\\\/#\\\/schema\\\/logo\\\/image\\\/\",\"url\":\"https:\\\/\\\/smab-industrie.com\\\/wp-content\\\/uploads\\\/2020\\\/08\\\/SMAB-GRAND.png\",\"contentUrl\":\"https:\\\/\\\/smab-industrie.com\\\/wp-content\\\/uploads\\\/2020\\\/08\\\/SMAB-GRAND.png\",\"width\":1232,\"height\":475,\"caption\":\"Soudure metalerie alexis Braun\"},\"image\":{\"@id\":\"https:\\\/\\\/smab-industrie.com\\\/#\\\/schema\\\/logo\\\/image\\\/\"}}]}<\/script>\n<!-- \/ Yoast SEO plugin. -->","yoast_head_json":{"title":"SMAB - SOUDURE METALLERIE ALEXIS BRAUN","description":"Artisan Ferronier M\u00e9tallier \u00e0 Beziers dans L'h\u00e9rault, Portail, verriere, escalier fer, Garde corps Acier, Service m\u00e9tallerie chaudronnerie.","robots":{"index":"index","follow":"follow","max-snippet":"max-snippet:-1","max-image-preview":"max-image-preview:large","max-video-preview":"max-video-preview:-1"},"canonical":"https:\/\/smab-industrie.com\/index.php\/contact\/","og_locale":"fr_FR","og_type":"article","og_title":"SMAB - SOUDURE METALLERIE ALEXIS BRAUN","og_description":"Artisan Ferronier M\u00e9tallier \u00e0 Beziers dans L'h\u00e9rault, Portail, verriere, escalier fer, Garde corps Acier, Service m\u00e9tallerie chaudronnerie.","og_url":"https:\/\/smab-industrie.com\/index.php\/contact\/","og_site_name":"SMAB","article_modified_time":"2023-04-15T15:59:25+00:00","og_image":[{"url":"https:\/\/smab-industrie.com\/wp-content\/uploads\/2023\/04\/IMG_20210523_195253_836-819x1024.jpg","type":"","width":"","height":""}],"twitter_card":"summary_large_image","twitter_misc":{"Dur\u00e9e de lecture estim\u00e9e":"1 minute"},"schema":{"@context":"https:\/\/schema.org","@graph":[{"@type":"WebPage","@id":"https:\/\/smab-industrie.com\/index.php\/contact\/","url":"https:\/\/smab-industrie.com\/index.php\/contact\/","name":"SMAB - SOUDURE METALLERIE ALEXIS BRAUN","isPartOf":{"@id":"https:\/\/smab-industrie.com\/#website"},"primaryImageOfPage":{"@id":"https:\/\/smab-industrie.com\/index.php\/contact\/#primaryimage"},"image":{"@id":"https:\/\/smab-industrie.com\/index.php\/contact\/#primaryimage"},"thumbnailUrl":"https:\/\/smab-industrie.com\/wp-content\/uploads\/2023\/04\/IMG_20210523_195253_836-819x1024.jpg","datePublished":"2020-08-20T16:54:22+00:00","dateModified":"2023-04-15T15:59:25+00:00","description":"Artisan Ferronier M\u00e9tallier \u00e0 Beziers dans L'h\u00e9rault, Portail, verriere, escalier fer, Garde corps Acier, Service m\u00e9tallerie chaudronnerie.","breadcrumb":{"@id":"https:\/\/smab-industrie.com\/index.php\/contact\/#breadcrumb"},"inLanguage":"fr-FR","potentialAction":[{"@type":"ReadAction","target":["https:\/\/smab-industrie.com\/index.php\/contact\/"]}]},{"@type":"ImageObject","inLanguage":"fr-FR","@id":"https:\/\/smab-industrie.com\/index.php\/contact\/#primaryimage","url":"https:\/\/smab-industrie.com\/wp-content\/uploads\/2023\/04\/IMG_20210523_195253_836.jpg","contentUrl":"https:\/\/smab-industrie.com\/wp-content\/uploads\/2023\/04\/IMG_20210523_195253_836.jpg","width":1440,"height":1800},{"@type":"BreadcrumbList","@id":"https:\/\/smab-industrie.com\/index.php\/contact\/#breadcrumb","itemListElement":[{"@type":"ListItem","position":1,"name":"Accueil","item":"https:\/\/smab-industrie.com\/"},{"@type":"ListItem","position":2,"name":"Contact"}]},{"@type":"WebSite","@id":"https:\/\/smab-industrie.com\/#website","url":"https:\/\/smab-industrie.com\/","name":"SMAB","description":"","publisher":{"@id":"https:\/\/smab-industrie.com\/#organization"},"potentialAction":[{"@type":"SearchAction","target":{"@type":"EntryPoint","urlTemplate":"https:\/\/smab-industrie.com\/?s={search_term_string}"},"query-input":{"@type":"PropertyValueSpecification","valueRequired":true,"valueName":"search_term_string"}}],"inLanguage":"fr-FR"},{"@type":"Organization","@id":"https:\/\/smab-industrie.com\/#organization","name":"Soudure metalerie alexis Braun","url":"https:\/\/smab-industrie.com\/","logo":{"@type":"ImageObject","inLanguage":"fr-FR","@id":"https:\/\/smab-industrie.com\/#\/schema\/logo\/image\/","url":"https:\/\/smab-industrie.com\/wp-content\/uploads\/2020\/08\/SMAB-GRAND.png","contentUrl":"https:\/\/smab-industrie.com\/wp-content\/uploads\/2020\/08\/SMAB-GRAND.png","width":1232,"height":475,"caption":"Soudure metalerie alexis Braun"},"image":{"@id":"https:\/\/smab-industrie.com\/#\/schema\/logo\/image\/"}}]}},"_links":{"self":[{"href":"https:\/\/smab-industrie.com\/index.php\/wp-json\/wp\/v2\/pages\/297","targetHints":{"allow":["GET"]}}],"collection":[{"href":"https:\/\/smab-industrie.com\/index.php\/wp-json\/wp\/v2\/pages"}],"about":[{"href":"https:\/\/smab-industrie.com\/index.php\/wp-json\/wp\/v2\/types\/page"}],"author":[{"embeddable":true,"href":"https:\/\/smab-industrie.com\/index.php\/wp-json\/wp\/v2\/users\/1"}],"replies":[{"embeddable":true,"href":"https:\/\/smab-industrie.com\/index.php\/wp-json\/wp\/v2\/comments?post=297"}],"version-history":[{"count":15,"href":"https:\/\/smab-industrie.com\/index.php\/wp-json\/wp\/v2\/pages\/297\/revisions"}],"predecessor-version":[{"id":640,"href":"https:\/\/smab-industrie.com\/index.php\/wp-json\/wp\/v2\/pages\/297\/revisions\/640"}],"wp:attachment":[{"href":"https:\/\/smab-industrie.com\/index.php\/wp-json\/wp\/v2\/media?parent=297"}],"curies":[{"name":"wp","href":"https:\/\/api.w.org\/{rel}","templated":true}]}}